{"id":2915,"date":"2024-04-24T15:34:20","date_gmt":"2024-04-24T15:34:20","guid":{"rendered":"https:\/\/casadesantiago.pt\/?page_id=2915"},"modified":"2024-05-14T22:24:38","modified_gmt":"2024-05-14T22:24:38","slug":"historia","status":"publish","type":"page","link":"https:\/\/www.casadesantiago.pt\/en\/historia\/","title":{"rendered":"Hist\u00f3ria"},"content":{"rendered":"<div data-elementor-type=\"wp-page\" data-elementor-id=\"2915\" class=\"elementor elementor-2915\">\n\t\t\t\t\t\t<section class=\"elementor-section elementor-top-section elementor-element elementor-element-2c13ba94 elementor-section-height-min-height cs-section-content-fullwidth cs-parallax-on-scroll cs_scroll_y_80 elementor-section-boxed elementor-section-height-default elementor-section-items-middle\" data-id=\"2c13ba94\" data-element_type=\"section\" data-settings=\"{&quot;background_background&quot;:&quot;classic&quot;}\" data-cs-parallax-y=\"80\" style=\"background-image: none;\" data-cs-background-image=\"https:\/\/casadesantiago.pt\/wp-content\/uploads\/2024\/04\/nlxaijrpmbfv45hvm8jm-scaled.jpg\">\n\t\t\t\t\t\t\t<div class=\"elementor-background-overlay\"><\/div>\n\t\t\t\t\t\t\t<div class=\"elementor-container elementor-column-gap-no\">\n\t\t\t\t\t<div class=\"elementor-column elementor-col-100 elementor-top-column elementor-element elementor-element-3e638f4a dark-color\" data-id=\"3e638f4a\" data-element_type=\"column\">\n\t\t\t<div class=\"elementor-widget-wrap elementor-element-populated\">\n\t\t\t\t\t\t<div class=\"elementor-element elementor-element-2a6bf06f elementor-widget elementor-widget-cs_title\" data-id=\"2a6bf06f\" data-element_type=\"widget\" data-widget_type=\"cs_title.default\">\n\t\t\t\t<div class=\"elementor-widget-container\">\n\t\t\t\n        <div class=\"cs-title-wrap text-center\">\t            <h1 class=\"cs-title\">\n\t                The history\n\t            <\/h1>        <\/div>\t\t<\/div>\n\t\t\t\t<\/div>\n\t\t\t\t<div class=\"elementor-element elementor-element-14d134d animated-slow elementor-hidden-mobile elementor-hidden-desktop elementor-hidden-tablet elementor-invisible elementor-widget elementor-widget-image\" data-id=\"14d134d\" data-element_type=\"widget\" data-settings=\"{&quot;_animation&quot;:&quot;bounceInDown&quot;}\" data-widget_type=\"image.default\">\n\t\t\t\t<div class=\"elementor-widget-container\">\n\t\t\t<style>\/*! elementor - v3.21.0 - 08-05-2024 *\/\n.elementor-widget-image{text-align:center}.elementor-widget-image a{display:inline-block}.elementor-widget-image a img[src$=\".svg\"]{width:48px}.elementor-widget-image img{vertical-align:middle;display:inline-block}<\/style>\t\t\t\t\t\t\t\t\t\t\t<a href=\"#historia\">\n\t\t\t\t\t\t\t<img fetchpriority=\"high\" decoding=\"async\" width=\"216\" height=\"492\" src=\"https:\/\/www.casadesantiago.pt\/wp-content\/uploads\/2024\/04\/scrolldown.png\" class=\"elementor-animation-pop attachment-large size-large wp-image-3509\" alt=\"\" srcset=\"https:\/\/www.casadesantiago.pt\/wp-content\/uploads\/2024\/04\/scrolldown.png 216w, https:\/\/www.casadesantiago.pt\/wp-content\/uploads\/2024\/04\/scrolldown-132x300.png 132w\" sizes=\"(max-width: 216px) 100vw, 216px\" \/>\t\t\t\t\t\t\t\t<\/a>\n\t\t\t\t\t\t\t\t\t\t\t\t\t<\/div>\n\t\t\t\t<\/div>\n\t\t\t\t\t<\/div>\n\t\t<\/div>\n\t\t\t\t\t<\/div>\n\t\t<\/section>\n\t\t<div class=\"elementor-element elementor-element-57913dcc e-flex e-con-boxed e-con e-parent\" data-id=\"57913dcc\" data-element_type=\"container\">\n\t\t\t\t\t<div class=\"e-con-inner\">\n\t\t\t\t<div class=\"elementor-element elementor-element-6d28e703 elementor-hidden-mobile elementor-widget elementor-widget-spacer\" data-id=\"6d28e703\" data-element_type=\"widget\" data-widget_type=\"spacer.default\">\n\t\t\t\t<div class=\"elementor-widget-container\">\n\t\t\t<style>\/*! elementor - v3.21.0 - 08-05-2024 *\/\n.elementor-column .elementor-spacer-inner{height:var(--spacer-size)}.e-con{--container-widget-width:100%}.e-con-inner>.elementor-widget-spacer,.e-con>.elementor-widget-spacer{width:var(--container-widget-width,var(--spacer-size));--align-self:var(--container-widget-align-self,initial);--flex-shrink:0}.e-con-inner>.elementor-widget-spacer>.elementor-widget-container,.e-con>.elementor-widget-spacer>.elementor-widget-container{height:100%;width:100%}.e-con-inner>.elementor-widget-spacer>.elementor-widget-container>.elementor-spacer,.e-con>.elementor-widget-spacer>.elementor-widget-container>.elementor-spacer{height:100%}.e-con-inner>.elementor-widget-spacer>.elementor-widget-container>.elementor-spacer>.elementor-spacer-inner,.e-con>.elementor-widget-spacer>.elementor-widget-container>.elementor-spacer>.elementor-spacer-inner{height:var(--container-widget-height,var(--spacer-size))}.e-con-inner>.elementor-widget-spacer.elementor-widget-empty,.e-con>.elementor-widget-spacer.elementor-widget-empty{position:relative;min-height:22px;min-width:22px}.e-con-inner>.elementor-widget-spacer.elementor-widget-empty .elementor-widget-empty-icon,.e-con>.elementor-widget-spacer.elementor-widget-empty .elementor-widget-empty-icon{position:absolute;top:0;bottom:0;left:0;right:0;margin:auto;padding:0;width:22px;height:22px}<\/style>\t\t<div class=\"elementor-spacer\">\n\t\t\t<div class=\"elementor-spacer-inner\"><\/div>\n\t\t<\/div>\n\t\t\t\t<\/div>\n\t\t\t\t<\/div>\n\t\t\t\t\t<\/div>\n\t\t\t\t<\/div>\n\t\t<div class=\"elementor-element elementor-element-55192fba elementor-hidden-desktop elementor-hidden-tablet e-flex e-con-boxed e-con e-parent\" data-id=\"55192fba\" data-element_type=\"container\">\n\t\t\t\t\t<div class=\"e-con-inner\">\n\t\t<div class=\"elementor-element elementor-element-c92366e e-con-full e-flex e-con e-child\" data-id=\"c92366e\" data-element_type=\"container\">\n\t\t\t\t<div class=\"elementor-element elementor-element-2866baba elementor-widget elementor-widget-text-editor\" data-id=\"2866baba\" data-element_type=\"widget\" data-widget_type=\"text-editor.default\">\n\t\t\t\t<div class=\"elementor-widget-container\">\n\t\t\t<style>\/*! elementor - v3.21.0 - 08-05-2024 *\/\n.elementor-widget-text-editor.elementor-drop-cap-view-stacked .elementor-drop-cap{background-color:#69727d;color:#fff}.elementor-widget-text-editor.elementor-drop-cap-view-framed .elementor-drop-cap{color:#69727d;border:3px solid;background-color:transparent}.elementor-widget-text-editor:not(.elementor-drop-cap-view-default) .elementor-drop-cap{margin-top:8px}.elementor-widget-text-editor:not(.elementor-drop-cap-view-default) .elementor-drop-cap-letter{width:1em;height:1em}.elementor-widget-text-editor .elementor-drop-cap{float:left;text-align:center;line-height:1;font-size:50px}.elementor-widget-text-editor .elementor-drop-cap-letter{display:inline-block}<\/style>\t\t\t\t<p>The 'Casa de Santiago' is said to have originally been the residence of the friars of the Order of Santiago, who were in charge of the Main Church of Santiago Maior, which is adjacent to it.<br \/><br \/>In the 16th century, it belonged to the Feio family, being part of the assets established in a morgadio by Father Sebasti\u00e3o Feio, in the year 1570.<br \/><br \/>The house was greatly destroyed by the 1755 earthquake, and its ruins were leased in 1797 to Father Bonif\u00e1cio Gomes de Carvalho, the prior of Santiago do Cac\u00e9m. He eventually purchased the house in 1799, selling it in 1802 to D. Francisca Teresa de S\u00e3o Jos\u00e9 Nobre Pacheco, widow of Jo\u00e3o Falc\u00e3o Murzello de Mendon\u00e7a, who was the Captain Major of Santiago do Cac\u00e9m.<\/p>\t\t\t\t\t\t<\/div>\n\t\t\t\t<\/div>\n\t\t\t\t<\/div>\n\t\t<div class=\"elementor-element elementor-element-16a7d667 e-con-full e-flex e-con e-child\" data-id=\"16a7d667\" data-element_type=\"container\">\n\t\t\t\t<div class=\"elementor-element elementor-element-738ca25f elementor-widget elementor-widget-image\" data-id=\"738ca25f\" data-element_type=\"widget\" data-widget_type=\"image.default\">\n\t\t\t\t<div class=\"elementor-widget-container\">\n\t\t\t\t\t\t\t\t\t\t\t\t\t<img decoding=\"async\" width=\"400\" height=\"483\" src=\"https:\/\/www.casadesantiago.pt\/wp-content\/uploads\/2024\/04\/fntv9tfhxvplkinacxkg.webp\" class=\"attachment-large size-large wp-image-2945\" alt=\"Casa de Santiago\" srcset=\"https:\/\/www.casadesantiago.pt\/wp-content\/uploads\/2024\/04\/fntv9tfhxvplkinacxkg.webp 400w, https:\/\/www.casadesantiago.pt\/wp-content\/uploads\/2024\/04\/fntv9tfhxvplkinacxkg-248x300.webp 248w, https:\/\/www.casadesantiago.pt\/wp-content\/uploads\/2024\/04\/fntv9tfhxvplkinacxkg-370x447.webp 370w, https:\/\/www.casadesantiago.pt\/wp-content\/uploads\/2024\/04\/fntv9tfhxvplkinacxkg-255x308.webp 255w\" sizes=\"(max-width: 400px) 100vw, 400px\" \/>\t\t\t\t\t\t\t\t\t\t\t\t\t<\/div>\n\t\t\t\t<\/div>\n\t\t\t\t<\/div>\n\t\t\t\t\t<\/div>\n\t\t\t\t<\/div>\n\t\t<div class=\"elementor-element elementor-element-369e89c5 e-transform elementor-hidden-mobile e-flex e-con-boxed e-con e-parent\" data-id=\"369e89c5\" data-element_type=\"container\" data-settings=\"{&quot;_transform_skewX_effect&quot;:{&quot;unit&quot;:&quot;px&quot;,&quot;size&quot;:&quot;&quot;,&quot;sizes&quot;:[]},&quot;_transform_skewX_effect_tablet&quot;:{&quot;unit&quot;:&quot;deg&quot;,&quot;size&quot;:&quot;&quot;,&quot;sizes&quot;:[]},&quot;_transform_skewX_effect_mobile&quot;:{&quot;unit&quot;:&quot;deg&quot;,&quot;size&quot;:&quot;&quot;,&quot;sizes&quot;:[]},&quot;_transform_skewY_effect&quot;:{&quot;unit&quot;:&quot;px&quot;,&quot;size&quot;:&quot;&quot;,&quot;sizes&quot;:[]},&quot;_transform_skewY_effect_tablet&quot;:{&quot;unit&quot;:&quot;deg&quot;,&quot;size&quot;:&quot;&quot;,&quot;sizes&quot;:[]},&quot;_transform_skewY_effect_mobile&quot;:{&quot;unit&quot;:&quot;deg&quot;,&quot;size&quot;:&quot;&quot;,&quot;sizes&quot;:[]}}\">\n\t\t\t\t\t<div class=\"e-con-inner\">\n\t\t<div class=\"elementor-element elementor-element-a5c536a e-con-full e-flex e-con e-child\" data-id=\"a5c536a\" data-element_type=\"container\">\n\t\t\t\t<div class=\"elementor-element elementor-element-2700c76 elementor-widget elementor-widget-menu-anchor\" data-id=\"2700c76\" data-element_type=\"widget\" data-widget_type=\"menu-anchor.default\">\n\t\t\t\t<div class=\"elementor-widget-container\">\n\t\t\t<style>\/*! elementor - v3.21.0 - 08-05-2024 *\/\nbody.elementor-page .elementor-widget-menu-anchor{margin-bottom:0}<\/style>\t\t<div class=\"elementor-menu-anchor\" id=\"historia\"><\/div>\n\t\t\t\t<\/div>\n\t\t\t\t<\/div>\n\t\t\t\t<div class=\"elementor-element elementor-element-32bf81a7 elementor-widget elementor-widget-image\" data-id=\"32bf81a7\" data-element_type=\"widget\" data-widget_type=\"image.default\">\n\t\t\t\t<div class=\"elementor-widget-container\">\n\t\t\t\t\t\t\t\t\t\t\t\t\t<img decoding=\"async\" width=\"400\" height=\"483\" src=\"https:\/\/www.casadesantiago.pt\/wp-content\/uploads\/2024\/04\/fntv9tfhxvplkinacxkg.webp\" class=\"attachment-large size-large wp-image-2945\" alt=\"Casa de Santiago\" srcset=\"https:\/\/www.casadesantiago.pt\/wp-content\/uploads\/2024\/04\/fntv9tfhxvplkinacxkg.webp 400w, https:\/\/www.casadesantiago.pt\/wp-content\/uploads\/2024\/04\/fntv9tfhxvplkinacxkg-248x300.webp 248w, https:\/\/www.casadesantiago.pt\/wp-content\/uploads\/2024\/04\/fntv9tfhxvplkinacxkg-370x447.webp 370w, https:\/\/www.casadesantiago.pt\/wp-content\/uploads\/2024\/04\/fntv9tfhxvplkinacxkg-255x308.webp 255w\" sizes=\"(max-width: 400px) 100vw, 400px\" \/>\t\t\t\t\t\t\t\t\t\t\t\t\t<\/div>\n\t\t\t\t<\/div>\n\t\t\t\t<\/div>\n\t\t<div class=\"elementor-element elementor-element-4675fce2 e-con-full e-flex e-con e-child\" data-id=\"4675fce2\" data-element_type=\"container\">\n\t\t\t\t<div class=\"elementor-element elementor-element-46dca119 elementor-widget elementor-widget-text-editor\" data-id=\"46dca119\" data-element_type=\"widget\" data-widget_type=\"text-editor.default\">\n\t\t\t\t<div class=\"elementor-widget-container\">\n\t\t\t\t\t\t\t<p>The 'Casa de Santiago' is said to have originally been the residence of the friars of the Order of Santiago, who were in charge of the Main Church of Santiago Maior, which is adjacent to it.<br \/><br \/>In the 16th century, it belonged to the Feio family, being part of the assets established in a morgadio by Father Sebasti\u00e3o Feio, in the year 1570.<br \/><br \/>The house was greatly destroyed by the 1755 earthquake, and its ruins were leased in 1797 to Father Bonif\u00e1cio Gomes de Carvalho, the prior of Santiago do Cac\u00e9m. He eventually purchased the house in 1799, selling it in 1802 to D. Francisca Teresa de S\u00e3o Jos\u00e9 Nobre Pacheco, widow of Jo\u00e3o Falc\u00e3o Murzello de Mendon\u00e7a, who was the Captain Major of Santiago do Cac\u00e9m.<\/p>\t\t\t\t\t\t<\/div>\n\t\t\t\t<\/div>\n\t\t\t\t<\/div>\n\t\t\t\t\t<\/div>\n\t\t\t\t<\/div>\n\t\t<div class=\"elementor-element elementor-element-be67737 e-flex e-con-boxed e-con e-parent\" data-id=\"be67737\" data-element_type=\"container\">\n\t\t\t\t\t<div class=\"e-con-inner\">\n\t\t\t\t<div class=\"elementor-element elementor-element-07b7b3f elementor-widget elementor-widget-spacer\" data-id=\"07b7b3f\" data-element_type=\"widget\" data-widget_type=\"spacer.default\">\n\t\t\t\t<div class=\"elementor-widget-container\">\n\t\t\t\t\t<div class=\"elementor-spacer\">\n\t\t\t<div class=\"elementor-spacer-inner\"><\/div>\n\t\t<\/div>\n\t\t\t\t<\/div>\n\t\t\t\t<\/div>\n\t\t\t\t\t<\/div>\n\t\t\t\t<\/div>\n\t\t<div class=\"elementor-element elementor-element-12e50c90 e-flex e-con-boxed e-con e-parent\" data-id=\"12e50c90\" data-element_type=\"container\">\n\t\t\t\t\t<div class=\"e-con-inner\">\n\t\t\t\t<div class=\"elementor-element elementor-element-69c27319 elementor-widget elementor-widget-cs_divider\" data-id=\"69c27319\" data-element_type=\"widget\" data-widget_type=\"cs_divider.default\">\n\t\t\t\t<div class=\"elementor-widget-container\">\n\t\t\t\n        <div class=\"cs-divider divider-grass\">                <div class=\"cs-d-icon icon-start\">                    <svg xmlns=\"http:\/\/www.w3.org\/2000\/svg\" viewbox=\"0 0 31.06 29.67\">\n                        <path d=\"M36.53,21.85,31.78,18s-7.5.83-9.68,16.39C22.1,34.34,25.7,21.66,36.53,21.85Z\" transform=\"translate(-5.47 -4.66)\"><\/path>\n                        <path class=\"cls-1\" d=\"M5.47,21.85,10.22,18s7.5.83,9.68,16.39C19.9,34.34,16.3,21.66,5.47,21.85Z\" transform=\"translate(-5.47 -4.66)\"><\/path>\n                        <polygon class=\"cls-1\" points=\"15.53 0 18.66 6.56 15.53 22.16 12.39 6.56 15.53 0\"><\/polygon>\n                    <\/svg>                <\/div>            <div class=\"cs-d-line\"><\/div>                <div class=\"cs-d-icon icon-end\">                    <svg xmlns=\"http:\/\/www.w3.org\/2000\/svg\" viewbox=\"0 0 31.06 29.67\">\n                        <path d=\"M36.53,21.85,31.78,18s-7.5.83-9.68,16.39C22.1,34.34,25.7,21.66,36.53,21.85Z\" transform=\"translate(-5.47 -4.66)\"><\/path>\n                        <path class=\"cls-1\" d=\"M5.47,21.85,10.22,18s7.5.83,9.68,16.39C19.9,34.34,16.3,21.66,5.47,21.85Z\" transform=\"translate(-5.47 -4.66)\"><\/path>\n                        <polygon class=\"cls-1\" points=\"15.53 0 18.66 6.56 15.53 22.16 12.39 6.56 15.53 0\"><\/polygon>\n                    <\/svg>                <\/div>        <\/div>\t\t<\/div>\n\t\t\t\t<\/div>\n\t\t\t\t\t<\/div>\n\t\t\t\t<\/div>\n\t\t<div class=\"elementor-element elementor-element-5ce3e45 e-flex e-con-boxed e-con e-parent\" data-id=\"5ce3e45\" data-element_type=\"container\">\n\t\t\t\t\t<div class=\"e-con-inner\">\n\t\t\t\t<div class=\"elementor-element elementor-element-1a4bf7b elementor-widget elementor-widget-spacer\" data-id=\"1a4bf7b\" data-element_type=\"widget\" data-widget_type=\"spacer.default\">\n\t\t\t\t<div class=\"elementor-widget-container\">\n\t\t\t\t\t<div class=\"elementor-spacer\">\n\t\t\t<div class=\"elementor-spacer-inner\"><\/div>\n\t\t<\/div>\n\t\t\t\t<\/div>\n\t\t\t\t<\/div>\n\t\t\t\t\t<\/div>\n\t\t\t\t<\/div>\n\t\t<div class=\"elementor-element elementor-element-7da6f164 e-flex e-con-boxed e-con e-parent\" data-id=\"7da6f164\" data-element_type=\"container\">\n\t\t\t\t\t<div class=\"e-con-inner\">\n\t\t<div class=\"elementor-element elementor-element-535f71e4 e-con-full e-flex e-con e-child\" data-id=\"535f71e4\" data-element_type=\"container\">\n\t\t\t\t<div class=\"elementor-element elementor-element-4408ad5 elementor-widget elementor-widget-spacer\" data-id=\"4408ad5\" data-element_type=\"widget\" data-widget_type=\"spacer.default\">\n\t\t\t\t<div class=\"elementor-widget-container\">\n\t\t\t\t\t<div class=\"elementor-spacer\">\n\t\t\t<div class=\"elementor-spacer-inner\"><\/div>\n\t\t<\/div>\n\t\t\t\t<\/div>\n\t\t\t\t<\/div>\n\t\t\t\t<div class=\"elementor-element elementor-element-76369c5 elementor-widget elementor-widget-text-editor\" data-id=\"76369c5\" data-element_type=\"widget\" data-widget_type=\"text-editor.default\">\n\t\t\t\t<div class=\"elementor-widget-container\">\n\t\t\t\t\t\t\t<p>The house was passed on to his daughter, Maria da Natividade Murzello Falc\u00e3o, married to Captain Major Jacinto Paes de Matos, and later to their son, Jacinto Paes de Matos Falc\u00e3o, 1st Count of Bracial, a major landowner and benefactor of Santiago do Cac\u00e9m.<\/p><p>After his death, the house was inherited by his daughter, D. Catarina Champallimaud Paes de Matos Falc\u00e3o (Soares de Albergaria), who, dying without children, bequeathed it to her cousin and goddaughter, D. Maria das Dores Cabral Parreira, married to cavalry captain Ant\u00f3nio Lobo de Vasconcellos, son of General Jos\u00e9 Lobo de Vasconcellos, grandparents of the current owner.<\/p>\t\t\t\t\t\t<\/div>\n\t\t\t\t<\/div>\n\t\t\t\t<\/div>\n\t\t<div class=\"elementor-element elementor-element-23998852 e-con-full e-flex e-con e-child\" data-id=\"23998852\" data-element_type=\"container\">\n\t\t\t\t<div class=\"elementor-element elementor-element-ea09a8b elementor-widget elementor-widget-image\" data-id=\"ea09a8b\" data-element_type=\"widget\" data-widget_type=\"image.default\">\n\t\t\t\t<div class=\"elementor-widget-container\">\n\t\t\t\t\t\t\t\t\t\t\t\t\t<img decoding=\"async\" width=\"768\" height=\"528\" src=\"https:\/\/www.casadesantiago.pt\/wp-content\/uploads\/2024\/04\/veg0v3hklyy4ilhwbnhn.webp\" class=\"attachment-large size-large wp-image-2960\" alt=\"Casa de Santiago\" srcset=\"https:\/\/www.casadesantiago.pt\/wp-content\/uploads\/2024\/04\/veg0v3hklyy4ilhwbnhn.webp 768w, https:\/\/www.casadesantiago.pt\/wp-content\/uploads\/2024\/04\/veg0v3hklyy4ilhwbnhn-300x206.webp 300w, https:\/\/www.casadesantiago.pt\/wp-content\/uploads\/2024\/04\/veg0v3hklyy4ilhwbnhn-600x413.webp 600w, https:\/\/www.casadesantiago.pt\/wp-content\/uploads\/2024\/04\/veg0v3hklyy4ilhwbnhn-550x378.webp 550w, https:\/\/www.casadesantiago.pt\/wp-content\/uploads\/2024\/04\/veg0v3hklyy4ilhwbnhn-370x254.webp 370w, https:\/\/www.casadesantiago.pt\/wp-content\/uploads\/2024\/04\/veg0v3hklyy4ilhwbnhn-255x175.webp 255w\" sizes=\"(max-width: 768px) 100vw, 768px\" \/>\t\t\t\t\t\t\t\t\t\t\t\t\t<\/div>\n\t\t\t\t<\/div>\n\t\t\t\t<\/div>\n\t\t\t\t\t<\/div>\n\t\t\t\t<\/div>\n\t\t<div class=\"elementor-element elementor-element-bf4e193 e-flex e-con-boxed e-con e-parent\" data-id=\"bf4e193\" data-element_type=\"container\">\n\t\t\t\t\t<div class=\"e-con-inner\">\n\t\t\t\t<div class=\"elementor-element elementor-element-8e91baa elementor-widget elementor-widget-spacer\" data-id=\"8e91baa\" data-element_type=\"widget\" data-widget_type=\"spacer.default\">\n\t\t\t\t<div class=\"elementor-widget-container\">\n\t\t\t\t\t<div class=\"elementor-spacer\">\n\t\t\t<div class=\"elementor-spacer-inner\"><\/div>\n\t\t<\/div>\n\t\t\t\t<\/div>\n\t\t\t\t<\/div>\n\t\t\t\t<div class=\"elementor-element elementor-element-e306797 elementor-widget elementor-widget-cs_title\" data-id=\"e306797\" data-element_type=\"widget\" data-widget_type=\"cs_title.default\">\n\t\t\t\t<div class=\"elementor-widget-container\">\n\t\t\t\n        <div class=\"cs-title-wrap text-center\">\t            <h5 class=\"cs-title\">\n\t                Step inside and come discover Casa de Santiago, a unique place where the past and present combine for a one-of-a-kind and unforgettable experience.\n\t            <\/h5>        <\/div>\t\t<\/div>\n\t\t\t\t<\/div>\n\t\t\t\t<div class=\"elementor-element elementor-element-eb84370 elementor-widget elementor-widget-spacer\" data-id=\"eb84370\" data-element_type=\"widget\" data-widget_type=\"spacer.default\">\n\t\t\t\t<div class=\"elementor-widget-container\">\n\t\t\t\t\t<div class=\"elementor-spacer\">\n\t\t\t<div class=\"elementor-spacer-inner\"><\/div>\n\t\t<\/div>\n\t\t\t\t<\/div>\n\t\t\t\t<\/div>\n\t\t\t\t\t<\/div>\n\t\t\t\t<\/div>\n\t\t\t\t<\/div>","protected":false},"excerpt":{"rendered":"<p>A HIST\u00d3RIA A \u201cCasa de Santiago\u201d ter\u00e1 sido, originalmente, local de habita\u00e7\u00e3o dos freires da Ordem de Santiago, que tomavam conta da Igreja Matriz de Santiago Maior, que lhe fica adjacente. No s\u00e9c. XVI pertencia \u00e0 fam\u00edlia Feio, fazendo parte dos bens institu\u00eddos em morgadio pelo Padre Sebasti\u00e3o Feio, no ano de 1570. Ficando a &#8230;<\/p>","protected":false},"author":1,"featured_media":0,"parent":0,"menu_order":0,"comment_status":"closed","ping_status":"closed","template":"elementor_header_footer","meta":{"cozystay_single_page_hide_site_header":"","cozystay_single_page_site_header_source":"custom","cozystay_single_page_custom_site_header":"82","cozystay_single_page_custom_sticky_site_header":"","cozystay_single_page_hide_page_title":"on","cozystay_single_page_header_section_size":"","cozystay_single_page_header_background_color":"","cozystay_single_page_header_background_position_x":"center","cozystay_single_page_header_background_position_y":"center","cozystay_single_page_header_background_size":"cover","cozystay_single_page_header_background_repeat":"off","cozystay_single_page_header_background_scroll":"on","cozystay_single_page_header_text_color":"","cozystay_single_page_header_show_breadcrumb":"","cozystay_single_page_site_footer_hide_main":"","cozystay_single_custom_site_footer_main_source":"","cozystay_single_custom_site_footer_main":"","cozystay_single_page_site_footer_hide_above":"","cozystay_single_custom_site_footer_above_source":"","cozystay_single_custom_site_footer_above":"","cozystay_single_page_site_footer_hide_instagram":"","cozystay_single_page_site_footer_hide_bottom":"","cozystay_single_custom_mobile_menu_source":"","cozystay_single_custom_mobile_menu":"","cozystay_single_custom_mobile_menu_animation":"","cozystay_single_custom_mobile_menu_width":"","cozystay_single_custom_mobile_menu_custom_width":375,"footnotes":""},"class_list":["post-2915","page","type-page","status-publish","hentry"],"_links":{"self":[{"href":"https:\/\/www.casadesantiago.pt\/en\/wp-json\/wp\/v2\/pages\/2915","targetHints":{"allow":["GET"]}}],"collection":[{"href":"https:\/\/www.casadesantiago.pt\/en\/wp-json\/wp\/v2\/pages"}],"about":[{"href":"https:\/\/www.casadesantiago.pt\/en\/wp-json\/wp\/v2\/types\/page"}],"author":[{"embeddable":true,"href":"https:\/\/www.casadesantiago.pt\/en\/wp-json\/wp\/v2\/users\/1"}],"replies":[{"embeddable":true,"href":"https:\/\/www.casadesantiago.pt\/en\/wp-json\/wp\/v2\/comments?post=2915"}],"version-history":[{"count":145,"href":"https:\/\/www.casadesantiago.pt\/en\/wp-json\/wp\/v2\/pages\/2915\/revisions"}],"predecessor-version":[{"id":4611,"href":"https:\/\/www.casadesantiago.pt\/en\/wp-json\/wp\/v2\/pages\/2915\/revisions\/4611"}],"wp:attachment":[{"href":"https:\/\/www.casadesantiago.pt\/en\/wp-json\/wp\/v2\/media?parent=2915"}],"curies":[{"name":"wp","href":"https:\/\/api.w.org\/{rel}","templated":true}]}}