{"id":3008,"date":"2024-04-25T13:20:30","date_gmt":"2024-04-25T13:20:30","guid":{"rendered":"https:\/\/casadesantiago.pt\/?page_id=3008"},"modified":"2024-05-18T19:55:52","modified_gmt":"2024-05-18T19:55:52","slug":"familia","status":"publish","type":"page","link":"https:\/\/www.casadesantiago.pt\/en\/familia\/","title":{"rendered":"Fam\u00edlia"},"content":{"rendered":"<div data-elementor-type=\"wp-page\" data-elementor-id=\"3008\" class=\"elementor elementor-3008\">\n\t\t\t\t\t\t<section class=\"elementor-section elementor-top-section elementor-element elementor-element-2f0461ca elementor-section-height-min-height cs-section-content-fullwidth cs-parallax-on-scroll cs_scroll_y_80 elementor-section-boxed elementor-section-height-default elementor-section-items-middle\" data-id=\"2f0461ca\" data-element_type=\"section\" data-settings=\"{&quot;background_background&quot;:&quot;classic&quot;}\" data-cs-parallax-y=\"80\" style=\"background-image: none;\" data-cs-background-image=\"https:\/\/casadesantiago.pt\/wp-content\/uploads\/2024\/04\/h1fegpdfujgpgjyrwtqc-600x600.jpg\">\n\t\t\t\t\t\t\t<div class=\"elementor-background-overlay\"><\/div>\n\t\t\t\t\t\t\t<div class=\"elementor-container elementor-column-gap-no\">\n\t\t\t\t\t<div class=\"elementor-column elementor-col-100 elementor-top-column elementor-element elementor-element-272c3119 dark-color\" data-id=\"272c3119\" data-element_type=\"column\">\n\t\t\t<div class=\"elementor-widget-wrap elementor-element-populated\">\n\t\t\t\t\t\t<div class=\"elementor-element elementor-element-1181e43c elementor-widget elementor-widget-cs_title\" data-id=\"1181e43c\" data-element_type=\"widget\" data-widget_type=\"cs_title.default\">\n\t\t\t\t<div class=\"elementor-widget-container\">\n\t\t\t\n        <div class=\"cs-title-wrap text-center\">\t            <h1 class=\"cs-title\">\n\t                The Family\n\t            <\/h1>        <\/div>\t\t<\/div>\n\t\t\t\t<\/div>\n\t\t\t\t<div class=\"elementor-element elementor-element-2a1f2d9 animated-slow elementor-hidden-mobile elementor-hidden-desktop elementor-hidden-tablet elementor-invisible elementor-widget elementor-widget-image\" data-id=\"2a1f2d9\" data-element_type=\"widget\" data-settings=\"{&quot;_animation&quot;:&quot;bounceInDown&quot;}\" data-widget_type=\"image.default\">\n\t\t\t\t<div class=\"elementor-widget-container\">\n\t\t\t<style>\/*! elementor - v3.21.0 - 08-05-2024 *\/\n.elementor-widget-image{text-align:center}.elementor-widget-image a{display:inline-block}.elementor-widget-image a img[src$=\".svg\"]{width:48px}.elementor-widget-image img{vertical-align:middle;display:inline-block}<\/style>\t\t\t\t\t\t\t\t\t\t\t<a href=\"#familia\">\n\t\t\t\t\t\t\t<img fetchpriority=\"high\" decoding=\"async\" width=\"216\" height=\"492\" src=\"https:\/\/www.casadesantiago.pt\/wp-content\/uploads\/2024\/04\/scrolldown.png\" class=\"elementor-animation-pop attachment-large size-large wp-image-3509\" alt=\"\" srcset=\"https:\/\/www.casadesantiago.pt\/wp-content\/uploads\/2024\/04\/scrolldown.png 216w, https:\/\/www.casadesantiago.pt\/wp-content\/uploads\/2024\/04\/scrolldown-132x300.png 132w\" sizes=\"(max-width: 216px) 100vw, 216px\" \/>\t\t\t\t\t\t\t\t<\/a>\n\t\t\t\t\t\t\t\t\t\t\t\t\t<\/div>\n\t\t\t\t<\/div>\n\t\t\t\t\t<\/div>\n\t\t<\/div>\n\t\t\t\t\t<\/div>\n\t\t<\/section>\n\t\t<div class=\"elementor-element elementor-element-f6d1c27 e-flex e-con-boxed e-con e-parent\" data-id=\"f6d1c27\" data-element_type=\"container\">\n\t\t\t\t\t<div class=\"e-con-inner\">\n\t\t\t\t<div class=\"elementor-element elementor-element-f2c8977 elementor-hidden-mobile elementor-widget elementor-widget-spacer\" data-id=\"f2c8977\" data-element_type=\"widget\" data-widget_type=\"spacer.default\">\n\t\t\t\t<div class=\"elementor-widget-container\">\n\t\t\t<style>\/*! elementor - v3.21.0 - 08-05-2024 *\/\n.elementor-column .elementor-spacer-inner{height:var(--spacer-size)}.e-con{--container-widget-width:100%}.e-con-inner>.elementor-widget-spacer,.e-con>.elementor-widget-spacer{width:var(--container-widget-width,var(--spacer-size));--align-self:var(--container-widget-align-self,initial);--flex-shrink:0}.e-con-inner>.elementor-widget-spacer>.elementor-widget-container,.e-con>.elementor-widget-spacer>.elementor-widget-container{height:100%;width:100%}.e-con-inner>.elementor-widget-spacer>.elementor-widget-container>.elementor-spacer,.e-con>.elementor-widget-spacer>.elementor-widget-container>.elementor-spacer{height:100%}.e-con-inner>.elementor-widget-spacer>.elementor-widget-container>.elementor-spacer>.elementor-spacer-inner,.e-con>.elementor-widget-spacer>.elementor-widget-container>.elementor-spacer>.elementor-spacer-inner{height:var(--container-widget-height,var(--spacer-size))}.e-con-inner>.elementor-widget-spacer.elementor-widget-empty,.e-con>.elementor-widget-spacer.elementor-widget-empty{position:relative;min-height:22px;min-width:22px}.e-con-inner>.elementor-widget-spacer.elementor-widget-empty .elementor-widget-empty-icon,.e-con>.elementor-widget-spacer.elementor-widget-empty .elementor-widget-empty-icon{position:absolute;top:0;bottom:0;left:0;right:0;margin:auto;padding:0;width:22px;height:22px}<\/style>\t\t<div class=\"elementor-spacer\">\n\t\t\t<div class=\"elementor-spacer-inner\"><\/div>\n\t\t<\/div>\n\t\t\t\t<\/div>\n\t\t\t\t<\/div>\n\t\t\t\t\t<\/div>\n\t\t\t\t<\/div>\n\t\t<div class=\"elementor-element elementor-element-329be35b elementor-hidden-desktop elementor-hidden-tablet e-flex e-con-boxed e-con e-parent\" data-id=\"329be35b\" data-element_type=\"container\">\n\t\t\t\t\t<div class=\"e-con-inner\">\n\t\t<div class=\"elementor-element elementor-element-1472eee7 e-con-full e-flex e-con e-child\" data-id=\"1472eee7\" data-element_type=\"container\">\n\t\t\t\t<div class=\"elementor-element elementor-element-716c0adf elementor-widget elementor-widget-text-editor\" data-id=\"716c0adf\" data-element_type=\"widget\" data-widget_type=\"text-editor.default\">\n\t\t\t\t<div class=\"elementor-widget-container\">\n\t\t\t<style>\/*! elementor - v3.21.0 - 08-05-2024 *\/\n.elementor-widget-text-editor.elementor-drop-cap-view-stacked .elementor-drop-cap{background-color:#69727d;color:#fff}.elementor-widget-text-editor.elementor-drop-cap-view-framed .elementor-drop-cap{color:#69727d;border:3px solid;background-color:transparent}.elementor-widget-text-editor:not(.elementor-drop-cap-view-default) .elementor-drop-cap{margin-top:8px}.elementor-widget-text-editor:not(.elementor-drop-cap-view-default) .elementor-drop-cap-letter{width:1em;height:1em}.elementor-widget-text-editor .elementor-drop-cap{float:left;text-align:center;line-height:1;font-size:50px}.elementor-widget-text-editor .elementor-drop-cap-letter{display:inline-block}<\/style>\t\t\t\t<p>For Jos\u00e9 Duarte, who was born in Casa de Santiago, after a career in real estate and private banking and currently managing the company Real Glow - Business and Management Consulting, dedicated to real estate and financial consulting for foreign clients, it was an opportunity to return to his roots.<\/p><p>\"(...)In a house that represents the past , the house where I was born and raised is presently the home where I spend the best moments of my life with family and friends from all over the world and in the future my legacy for generations to come.\"<\/p>\t\t\t\t\t\t<\/div>\n\t\t\t\t<\/div>\n\t\t\t\t<\/div>\n\t\t<div class=\"elementor-element elementor-element-5404452a e-con-full e-flex e-con e-child\" data-id=\"5404452a\" data-element_type=\"container\">\n\t\t\t\t<div class=\"elementor-element elementor-element-4f6af058 elementor-widget elementor-widget-image\" data-id=\"4f6af058\" data-element_type=\"widget\" data-widget_type=\"image.default\">\n\t\t\t\t<div class=\"elementor-widget-container\">\n\t\t\t\t\t\t\t\t\t\t\t\t\t<img decoding=\"async\" width=\"683\" height=\"1024\" src=\"https:\/\/www.casadesantiago.pt\/wp-content\/uploads\/2024\/04\/i4cotbsivbqeomn5rglg-683x1024.webp\" class=\"attachment-large size-large wp-image-3022\" alt=\"Casa de Santiago\" srcset=\"https:\/\/www.casadesantiago.pt\/wp-content\/uploads\/2024\/04\/i4cotbsivbqeomn5rglg-683x1024.webp 683w, https:\/\/www.casadesantiago.pt\/wp-content\/uploads\/2024\/04\/i4cotbsivbqeomn5rglg-200x300.webp 200w, https:\/\/www.casadesantiago.pt\/wp-content\/uploads\/2024\/04\/i4cotbsivbqeomn5rglg-600x900.webp 600w, https:\/\/www.casadesantiago.pt\/wp-content\/uploads\/2024\/04\/i4cotbsivbqeomn5rglg-550x825.webp 550w, https:\/\/www.casadesantiago.pt\/wp-content\/uploads\/2024\/04\/i4cotbsivbqeomn5rglg-370x555.webp 370w, https:\/\/www.casadesantiago.pt\/wp-content\/uploads\/2024\/04\/i4cotbsivbqeomn5rglg-255x383.webp 255w, https:\/\/www.casadesantiago.pt\/wp-content\/uploads\/2024\/04\/i4cotbsivbqeomn5rglg.webp 768w\" sizes=\"(max-width: 683px) 100vw, 683px\" \/>\t\t\t\t\t\t\t\t\t\t\t\t\t<\/div>\n\t\t\t\t<\/div>\n\t\t\t\t<\/div>\n\t\t\t\t\t<\/div>\n\t\t\t\t<\/div>\n\t\t<div class=\"elementor-element elementor-element-1a02fc65 e-transform elementor-hidden-mobile e-flex e-con-boxed e-con e-parent\" data-id=\"1a02fc65\" data-element_type=\"container\" data-settings=\"{&quot;_transform_skewX_effect&quot;:{&quot;unit&quot;:&quot;px&quot;,&quot;size&quot;:&quot;&quot;,&quot;sizes&quot;:[]},&quot;_transform_skewX_effect_tablet&quot;:{&quot;unit&quot;:&quot;deg&quot;,&quot;size&quot;:&quot;&quot;,&quot;sizes&quot;:[]},&quot;_transform_skewX_effect_mobile&quot;:{&quot;unit&quot;:&quot;deg&quot;,&quot;size&quot;:&quot;&quot;,&quot;sizes&quot;:[]},&quot;_transform_skewY_effect&quot;:{&quot;unit&quot;:&quot;px&quot;,&quot;size&quot;:&quot;&quot;,&quot;sizes&quot;:[]},&quot;_transform_skewY_effect_tablet&quot;:{&quot;unit&quot;:&quot;deg&quot;,&quot;size&quot;:&quot;&quot;,&quot;sizes&quot;:[]},&quot;_transform_skewY_effect_mobile&quot;:{&quot;unit&quot;:&quot;deg&quot;,&quot;size&quot;:&quot;&quot;,&quot;sizes&quot;:[]}}\">\n\t\t\t\t\t<div class=\"e-con-inner\">\n\t\t<div class=\"elementor-element elementor-element-6ea6e69e e-con-full e-flex e-con e-child\" data-id=\"6ea6e69e\" data-element_type=\"container\">\n\t\t\t\t<div class=\"elementor-element elementor-element-888d44c elementor-widget elementor-widget-cs_fancy_card\" data-id=\"888d44c\" data-element_type=\"widget\" data-widget_type=\"cs_fancy_card.default\">\n\t\t\t\t<div class=\"elementor-widget-container\">\n\t\t\t\n\t\t<div class=\"cs-fancy-card style-1 text-center cs-hover-img-zoom\">\n            <div class=\"cs-fc-wrap\">\t                <a class=\"cs-fc-link\" href=\"#\"><\/a>\t               \t<div class=\"cs-fc-img\">\n\t                    <img decoding=\"async\" width=\"768\" height=\"1152\" src=\"https:\/\/www.casadesantiago.pt\/wp-content\/uploads\/2024\/04\/i4cotbsivbqeomn5rglg.webp\" class=\"attachment-full size-full wp-image-3022\" alt=\"Casa de Santiago\" srcset=\"https:\/\/www.casadesantiago.pt\/wp-content\/uploads\/2024\/04\/i4cotbsivbqeomn5rglg.webp 768w, https:\/\/www.casadesantiago.pt\/wp-content\/uploads\/2024\/04\/i4cotbsivbqeomn5rglg-200x300.webp 200w, https:\/\/www.casadesantiago.pt\/wp-content\/uploads\/2024\/04\/i4cotbsivbqeomn5rglg-683x1024.webp 683w, https:\/\/www.casadesantiago.pt\/wp-content\/uploads\/2024\/04\/i4cotbsivbqeomn5rglg-600x900.webp 600w, https:\/\/www.casadesantiago.pt\/wp-content\/uploads\/2024\/04\/i4cotbsivbqeomn5rglg-550x825.webp 550w, https:\/\/www.casadesantiago.pt\/wp-content\/uploads\/2024\/04\/i4cotbsivbqeomn5rglg-370x555.webp 370w, https:\/\/www.casadesantiago.pt\/wp-content\/uploads\/2024\/04\/i4cotbsivbqeomn5rglg-255x383.webp 255w\" sizes=\"(max-width: 768px) 100vw, 768px\" \/>\t                <\/div>\n                <div class=\"cs-fc-content\">\t\t\t\t\t\t<div class=\"cs-subtitle-wrap\"><span class=\"cs-subtitle\">Jos\u00e9 Duarte Lobo de Vasconcellos<\/span><\/div>\t\t\t            <h4 class=\"cs-fc-title cs-title\">\n\t\t\t                \n\t\t\t            <\/h4>\t\t\t\t<\/div>\n            <\/div>\n        <\/div>\t\t<\/div>\n\t\t\t\t<\/div>\n\t\t\t\t<\/div>\n\t\t<div class=\"elementor-element elementor-element-4a5ef7fe e-con-full e-flex e-con e-child\" data-id=\"4a5ef7fe\" data-element_type=\"container\">\n\t\t\t\t<div class=\"elementor-element elementor-element-2b30bce elementor-widget elementor-widget-menu-anchor\" data-id=\"2b30bce\" data-element_type=\"widget\" data-widget_type=\"menu-anchor.default\">\n\t\t\t\t<div class=\"elementor-widget-container\">\n\t\t\t<style>\/*! elementor - v3.21.0 - 08-05-2024 *\/\nbody.elementor-page .elementor-widget-menu-anchor{margin-bottom:0}<\/style>\t\t<div class=\"elementor-menu-anchor\" id=\"familia\"><\/div>\n\t\t\t\t<\/div>\n\t\t\t\t<\/div>\n\t\t\t\t<div class=\"elementor-element elementor-element-fb9ec11 elementor-hidden-mobile elementor-widget elementor-widget-spacer\" data-id=\"fb9ec11\" data-element_type=\"widget\" data-widget_type=\"spacer.default\">\n\t\t\t\t<div class=\"elementor-widget-container\">\n\t\t\t\t\t<div class=\"elementor-spacer\">\n\t\t\t<div class=\"elementor-spacer-inner\"><\/div>\n\t\t<\/div>\n\t\t\t\t<\/div>\n\t\t\t\t<\/div>\n\t\t\t\t<div class=\"elementor-element elementor-element-8d9c276 elementor-widget elementor-widget-text-editor\" data-id=\"8d9c276\" data-element_type=\"widget\" data-widget_type=\"text-editor.default\">\n\t\t\t\t<div class=\"elementor-widget-container\">\n\t\t\t\t\t\t\t<div class=\"j-block-text style__text translation-block\" style=\"text-align: center;\">Jos\u00e9 Duarte Lobo de Vasconcellos is delighted to welcome you to his home.<br>After inheriting the house from his parents, he decided to move forward with the initiative to create a Bed and Breakfast unit, developing the project \"<a href=\"\/\" target=\"_self\"><strong>Casa de Santiago<\/strong><\/a>\".<\/div>\t\t\t\t\t\t<\/div>\n\t\t\t\t<\/div>\n\t\t\t\t<div class=\"elementor-element elementor-element-66ffe8de elementor-widget elementor-widget-text-editor\" data-id=\"66ffe8de\" data-element_type=\"widget\" data-widget_type=\"text-editor.default\">\n\t\t\t\t<div class=\"elementor-widget-container\">\n\t\t\t\t\t\t\t<p>For Jos\u00e9 Duarte, who was born in Casa de Santiago, after a career in real estate and private banking and currently managing the company Real Glow - Business and Management Consulting, dedicated to real estate and financial consulting for foreign clients, it was an opportunity to return to his roots.<\/p><p>\"(...)In a house that represents the past, the house where I was born and raised is currently the home where I spend the best moments of my life with family and friends from around the world, and in the future, it will be my legacy for future generations.\"<\/p>\t\t\t\t\t\t<\/div>\n\t\t\t\t<\/div>\n\t\t\t\t<\/div>\n\t\t\t\t\t<\/div>\n\t\t\t\t<\/div>\n\t\t<div class=\"elementor-element elementor-element-d6eb365 e-flex e-con-boxed e-con e-parent\" data-id=\"d6eb365\" data-element_type=\"container\">\n\t\t\t\t\t<div class=\"e-con-inner\">\n\t\t\t\t<div class=\"elementor-element elementor-element-5f7704f elementor-widget elementor-widget-spacer\" data-id=\"5f7704f\" data-element_type=\"widget\" data-widget_type=\"spacer.default\">\n\t\t\t\t<div class=\"elementor-widget-container\">\n\t\t\t\t\t<div class=\"elementor-spacer\">\n\t\t\t<div class=\"elementor-spacer-inner\"><\/div>\n\t\t<\/div>\n\t\t\t\t<\/div>\n\t\t\t\t<\/div>\n\t\t\t\t<div class=\"elementor-element elementor-element-08ed135 elementor-widget elementor-widget-cs_title\" data-id=\"08ed135\" data-element_type=\"widget\" data-widget_type=\"cs_title.default\">\n\t\t\t\t<div class=\"elementor-widget-container\">\n\t\t\t\n        <div class=\"cs-title-wrap text-center\">\t            <h5 class=\"cs-title\">\n\t                Step inside and come discover Casa de Santiago, a unique place where the past and present combine for a one-of-a-kind and unforgettable experience.\n\t            <\/h5>        <\/div>\t\t<\/div>\n\t\t\t\t<\/div>\n\t\t\t\t<div class=\"elementor-element elementor-element-22fb0f7 elementor-widget elementor-widget-spacer\" data-id=\"22fb0f7\" data-element_type=\"widget\" data-widget_type=\"spacer.default\">\n\t\t\t\t<div class=\"elementor-widget-container\">\n\t\t\t\t\t<div class=\"elementor-spacer\">\n\t\t\t<div class=\"elementor-spacer-inner\"><\/div>\n\t\t<\/div>\n\t\t\t\t<\/div>\n\t\t\t\t<\/div>\n\t\t\t\t\t<\/div>\n\t\t\t\t<\/div>\n\t\t\t\t<\/div>","protected":false},"excerpt":{"rendered":"<p>A Fam\u00edlia Para Jos\u00e9 Duarte, que nasceu na casa de Santiago, ap\u00f3s uma carreira ligada ao imobili\u00e1rio e \u00e0 banca privada e actualmente gestor da empresa Real Glow \u2013 Consultoria de neg\u00f3cios e gest\u00e3o, dedicada \u00e0 consultoria imobili\u00e1ria e financeira, para clientes estrangeiros, foi uma oportunidade para voltar \u00e0s origens, \u201c(\u2026)Numa casa que representa o &#8230;<\/p>","protected":false},"author":1,"featured_media":0,"parent":0,"menu_order":0,"comment_status":"closed","ping_status":"closed","template":"","meta":{"cozystay_single_page_hide_site_header":"","cozystay_single_page_site_header_source":"custom","cozystay_single_page_custom_site_header":"82","cozystay_single_page_custom_sticky_site_header":"","cozystay_single_page_hide_page_title":"on","cozystay_single_page_header_section_size":"","cozystay_single_page_header_background_color":"","cozystay_single_page_header_background_position_x":"center","cozystay_single_page_header_background_position_y":"center","cozystay_single_page_header_background_size":"cover","cozystay_single_page_header_background_repeat":"off","cozystay_single_page_header_background_scroll":"on","cozystay_single_page_header_text_color":"","cozystay_single_page_header_show_breadcrumb":"","cozystay_single_page_site_footer_hide_main":"","cozystay_single_custom_site_footer_main_source":"","cozystay_single_custom_site_footer_main":"","cozystay_single_page_site_footer_hide_above":"","cozystay_single_custom_site_footer_above_source":"","cozystay_single_custom_site_footer_above":"","cozystay_single_page_site_footer_hide_instagram":"","cozystay_single_page_site_footer_hide_bottom":"","cozystay_single_custom_mobile_menu_source":"","cozystay_single_custom_mobile_menu":"","cozystay_single_custom_mobile_menu_animation":"","cozystay_single_custom_mobile_menu_width":"","cozystay_single_custom_mobile_menu_custom_width":375,"footnotes":""},"class_list":["post-3008","page","type-page","status-publish","hentry"],"_links":{"self":[{"href":"https:\/\/www.casadesantiago.pt\/en\/wp-json\/wp\/v2\/pages\/3008","targetHints":{"allow":["GET"]}}],"collection":[{"href":"https:\/\/www.casadesantiago.pt\/en\/wp-json\/wp\/v2\/pages"}],"about":[{"href":"https:\/\/www.casadesantiago.pt\/en\/wp-json\/wp\/v2\/types\/page"}],"author":[{"embeddable":true,"href":"https:\/\/www.casadesantiago.pt\/en\/wp-json\/wp\/v2\/users\/1"}],"replies":[{"embeddable":true,"href":"https:\/\/www.casadesantiago.pt\/en\/wp-json\/wp\/v2\/comments?post=3008"}],"version-history":[{"count":86,"href":"https:\/\/www.casadesantiago.pt\/en\/wp-json\/wp\/v2\/pages\/3008\/revisions"}],"predecessor-version":[{"id":4839,"href":"https:\/\/www.casadesantiago.pt\/en\/wp-json\/wp\/v2\/pages\/3008\/revisions\/4839"}],"wp:attachment":[{"href":"https:\/\/www.casadesantiago.pt\/en\/wp-json\/wp\/v2\/media?parent=3008"}],"curies":[{"name":"wp","href":"https:\/\/api.w.org\/{rel}","templated":true}]}}