{"id":4888,"date":"2025-11-08T14:21:18","date_gmt":"2025-11-08T14:21:18","guid":{"rendered":"https:\/\/www.casadesantiago.pt\/?page_id=4888"},"modified":"2025-11-08T15:17:48","modified_gmt":"2025-11-08T15:17:48","slug":"a-galeria","status":"publish","type":"page","link":"https:\/\/www.casadesantiago.pt\/en\/a-galeria\/","title":{"rendered":"The Gallery"},"content":{"rendered":"<div data-elementor-type=\"wp-page\" data-elementor-id=\"4888\" class=\"elementor elementor-4888\">\n\t\t\t\t\t\t<section class=\"elementor-section elementor-top-section elementor-element elementor-element-7fac187 elementor-section-height-min-height cs-section-content-fullwidth cs-parallax-on-scroll cs_scroll_y_80 elementor-section-boxed elementor-section-height-default elementor-section-items-middle\" data-id=\"7fac187\" data-element_type=\"section\" data-settings=\"{&quot;background_background&quot;:&quot;classic&quot;}\" data-cs-parallax-y=\"80\" style=\"background-image: none;\" data-cs-background-image=\"https:\/\/www.casadesantiago.pt\/wp-content\/uploads\/2025\/11\/WhatsApp-Image-2025-10-28-at-09.36.53.jpeg\">\n\t\t\t\t\t\t\t<div class=\"elementor-background-overlay\"><\/div>\n\t\t\t\t\t\t\t<div class=\"elementor-container elementor-column-gap-no\">\n\t\t\t\t\t<div class=\"elementor-column elementor-col-100 elementor-top-column elementor-element elementor-element-69412d70 dark-color\" data-id=\"69412d70\" data-element_type=\"column\">\n\t\t\t<div class=\"elementor-widget-wrap elementor-element-populated\">\n\t\t\t\t\t\t<div class=\"elementor-element elementor-element-7a12a147 elementor-widget elementor-widget-cs_title\" data-id=\"7a12a147\" data-element_type=\"widget\" data-widget_type=\"cs_title.default\">\n\t\t\t\t<div class=\"elementor-widget-container\">\n\t\t\t\n        <div class=\"cs-title-wrap text-center\">\t            <h1 class=\"cs-title\">\n\t                The Gallery\t            <\/h1>        <\/div>\t\t<\/div>\n\t\t\t\t<\/div>\n\t\t\t\t<div class=\"elementor-element elementor-element-76c811c7 animated-slow elementor-hidden-mobile elementor-hidden-desktop elementor-hidden-tablet elementor-invisible elementor-widget elementor-widget-image\" data-id=\"76c811c7\" data-element_type=\"widget\" data-settings=\"{&quot;_animation&quot;:&quot;bounceInDown&quot;}\" data-widget_type=\"image.default\">\n\t\t\t\t<div class=\"elementor-widget-container\">\n\t\t\t<style>\/*! elementor - v3.21.0 - 08-05-2024 *\/\n.elementor-widget-image{text-align:center}.elementor-widget-image a{display:inline-block}.elementor-widget-image a img[src$=\".svg\"]{width:48px}.elementor-widget-image img{vertical-align:middle;display:inline-block}<\/style>\t\t\t\t\t\t\t\t\t\t\t<a href=\"#galeria\">\n\t\t\t\t\t\t\t<img fetchpriority=\"high\" decoding=\"async\" width=\"216\" height=\"492\" src=\"https:\/\/www.casadesantiago.pt\/wp-content\/uploads\/2024\/04\/scrolldown.png\" class=\"elementor-animation-pop attachment-large size-large wp-image-3509\" alt=\"\" srcset=\"https:\/\/www.casadesantiago.pt\/wp-content\/uploads\/2024\/04\/scrolldown.png 216w, https:\/\/www.casadesantiago.pt\/wp-content\/uploads\/2024\/04\/scrolldown-132x300.png 132w\" sizes=\"(max-width: 216px) 100vw, 216px\" \/>\t\t\t\t\t\t\t\t<\/a>\n\t\t\t\t\t\t\t\t\t\t\t\t\t<\/div>\n\t\t\t\t<\/div>\n\t\t\t\t\t<\/div>\n\t\t<\/div>\n\t\t\t\t\t<\/div>\n\t\t<\/section>\n\t\t<div class=\"elementor-element elementor-element-4f5925a4 e-flex e-con-boxed e-con e-parent\" data-id=\"4f5925a4\" data-element_type=\"container\">\n\t\t\t\t\t<div class=\"e-con-inner\">\n\t\t\t\t<div class=\"elementor-element elementor-element-1be34ba5 elementor-widget elementor-widget-spacer\" data-id=\"1be34ba5\" data-element_type=\"widget\" data-widget_type=\"spacer.default\">\n\t\t\t\t<div class=\"elementor-widget-container\">\n\t\t\t<style>\/*! elementor - v3.21.0 - 08-05-2024 *\/\n.elementor-column .elementor-spacer-inner{height:var(--spacer-size)}.e-con{--container-widget-width:100%}.e-con-inner>.elementor-widget-spacer,.e-con>.elementor-widget-spacer{width:var(--container-widget-width,var(--spacer-size));--align-self:var(--container-widget-align-self,initial);--flex-shrink:0}.e-con-inner>.elementor-widget-spacer>.elementor-widget-container,.e-con>.elementor-widget-spacer>.elementor-widget-container{height:100%;width:100%}.e-con-inner>.elementor-widget-spacer>.elementor-widget-container>.elementor-spacer,.e-con>.elementor-widget-spacer>.elementor-widget-container>.elementor-spacer{height:100%}.e-con-inner>.elementor-widget-spacer>.elementor-widget-container>.elementor-spacer>.elementor-spacer-inner,.e-con>.elementor-widget-spacer>.elementor-widget-container>.elementor-spacer>.elementor-spacer-inner{height:var(--container-widget-height,var(--spacer-size))}.e-con-inner>.elementor-widget-spacer.elementor-widget-empty,.e-con>.elementor-widget-spacer.elementor-widget-empty{position:relative;min-height:22px;min-width:22px}.e-con-inner>.elementor-widget-spacer.elementor-widget-empty .elementor-widget-empty-icon,.e-con>.elementor-widget-spacer.elementor-widget-empty .elementor-widget-empty-icon{position:absolute;top:0;bottom:0;left:0;right:0;margin:auto;padding:0;width:22px;height:22px}<\/style>\t\t<div class=\"elementor-spacer\">\n\t\t\t<div class=\"elementor-spacer-inner\"><\/div>\n\t\t<\/div>\n\t\t\t\t<\/div>\n\t\t\t\t<\/div>\n\t\t\t\t\t<\/div>\n\t\t\t\t<\/div>\n\t\t<div class=\"elementor-element elementor-element-5f9f1ee5 e-flex e-con-boxed e-con e-parent\" data-id=\"5f9f1ee5\" data-element_type=\"container\">\n\t\t\t\t\t<div class=\"e-con-inner\">\n\t\t\t\t<div class=\"elementor-element elementor-element-905581e elementor-widget elementor-widget-text-editor\" data-id=\"905581e\" data-element_type=\"widget\" data-widget_type=\"text-editor.default\">\n\t\t\t\t<div class=\"elementor-widget-container\">\n\t\t\t<style>\/*! elementor - v3.21.0 - 08-05-2024 *\/\n.elementor-widget-text-editor.elementor-drop-cap-view-stacked .elementor-drop-cap{background-color:#69727d;color:#fff}.elementor-widget-text-editor.elementor-drop-cap-view-framed .elementor-drop-cap{color:#69727d;border:3px solid;background-color:transparent}.elementor-widget-text-editor:not(.elementor-drop-cap-view-default) .elementor-drop-cap{margin-top:8px}.elementor-widget-text-editor:not(.elementor-drop-cap-view-default) .elementor-drop-cap-letter{width:1em;height:1em}.elementor-widget-text-editor .elementor-drop-cap{float:left;text-align:center;line-height:1;font-size:50px}.elementor-widget-text-editor .elementor-drop-cap-letter{display:inline-block}<\/style>\t\t\t\tThe Casa de Santiago is a stately home with soul, where every corner breathes history and authenticity. Located in the heart of Santiago do Cac\u00e9m, with a view of the castle, it is a space that invites tranquility and inspiration.<br><br>\n  \nOver the years, the House has established itself as a refuge for those seeking unique experiences \u2014 whether to rest, create, or celebrate. <br><br>\nThe Gallery is the most recent space at Casa de Santiago, designed to host exclusive experiences in a contemporary and inspiring environment.\nBetween stone walls and vaulted ceilings, this space combines the historic charm of the house with a minimalist and serene atmosphere \u2014 perfect for moments of concentration, reflection, and sharing. <br>\nEntre paredes de pedra e tetos abobadados, este espa\u00e7o combina o \ncharme hist\u00f3rico da casa com uma atmosfera minimalista e serena \u2014 \nperfeita para momentos de concentra\u00e7\u00e3o, reflex\u00e3o e partilha. <br><br>\nIdeal for yoga and wellness retreats, meditation sessions, creative workshops, board meetings, or more private corporate gatherings, the Gallery easily adapts to the needs of each group. <br><br>\nThe discreet environment and comfort of the space create the ideal setting to connect teams, inspire decisions, and cultivate ideas. <br><br>\nAvailable for exclusive bookings, the Gallery can be complemented by the remaining spaces of the House \u2014 the salons and the garden \u2014 offering a complete experience between work, rest, and inspiration. \t\t\t\t\t\t<\/div>\n\t\t\t\t<\/div>\n\t\t\t\t<div class=\"elementor-element elementor-element-344fdb89 elementor-widget elementor-widget-spacer\" data-id=\"344fdb89\" data-element_type=\"widget\" data-widget_type=\"spacer.default\">\n\t\t\t\t<div class=\"elementor-widget-container\">\n\t\t\t\t\t<div class=\"elementor-spacer\">\n\t\t\t<div class=\"elementor-spacer-inner\"><\/div>\n\t\t<\/div>\n\t\t\t\t<\/div>\n\t\t\t\t<\/div>\n\t\t\t\t<div class=\"elementor-element elementor-element-6ec0d23 elementor-arrows-position-inside elementor-pagination-position-outside elementor-widget elementor-widget-image-carousel\" data-id=\"6ec0d23\" data-element_type=\"widget\" data-settings=\"{&quot;slides_to_show&quot;:&quot;2&quot;,&quot;slides_to_scroll&quot;:&quot;2&quot;,&quot;navigation&quot;:&quot;both&quot;,&quot;autoplay&quot;:&quot;yes&quot;,&quot;pause_on_hover&quot;:&quot;yes&quot;,&quot;pause_on_interaction&quot;:&quot;yes&quot;,&quot;autoplay_speed&quot;:5000,&quot;infinite&quot;:&quot;yes&quot;,&quot;speed&quot;:500}\" data-widget_type=\"image-carousel.default\">\n\t\t\t\t<div class=\"elementor-widget-container\">\n\t\t\t<style>\/*! elementor - v3.21.0 - 08-05-2024 *\/\n.elementor-widget-image-carousel .swiper,.elementor-widget-image-carousel .swiper-container{position:static}.elementor-widget-image-carousel .swiper-container .swiper-slide figure,.elementor-widget-image-carousel .swiper .swiper-slide figure{line-height:inherit}.elementor-widget-image-carousel .swiper-slide{text-align:center}.elementor-image-carousel-wrapper:not(.swiper-container-initialized):not(.swiper-initialized) .swiper-slide{max-width:calc(100% \/ var(--e-image-carousel-slides-to-show, 3))}<\/style>\t\t<div class=\"elementor-image-carousel-wrapper swiper\" dir=\"ltr\">\n\t\t\t<div class=\"elementor-image-carousel swiper-wrapper\" aria-live=\"off\">\n\t\t\t\t\t\t\t\t<div class=\"swiper-slide\" role=\"group\" aria-roledescription=\"slide\" aria-label=\"1 of 12\"><figure class=\"swiper-slide-inner\"><img decoding=\"async\" class=\"swiper-slide-image\" src=\"https:\/\/www.casadesantiago.pt\/wp-content\/uploads\/2025\/11\/WhatsApp-Image-2025-10-28-at-09.36.53-768x1024.jpeg\" alt=\"Casa de Santiago\" \/><\/figure><\/div><div class=\"swiper-slide\" role=\"group\" aria-roledescription=\"slide\" aria-label=\"2 of 12\"><figure class=\"swiper-slide-inner\"><img decoding=\"async\" class=\"swiper-slide-image\" src=\"https:\/\/www.casadesantiago.pt\/wp-content\/uploads\/2025\/11\/WhatsApp-Image-2025-10-28-at-09.36.55-1-768x1024.jpeg\" alt=\"WhatsApp Image 2025-10-28 at 09.36.55 (1)\" \/><\/figure><\/div><div class=\"swiper-slide\" role=\"group\" aria-roledescription=\"slide\" aria-label=\"3 of 12\"><figure class=\"swiper-slide-inner\"><img decoding=\"async\" class=\"swiper-slide-image\" src=\"https:\/\/www.casadesantiago.pt\/wp-content\/uploads\/2025\/11\/WhatsApp-Image-2025-10-28-at-09.36.54-768x1024.jpeg\" alt=\"Casa de Santiago\" \/><\/figure><\/div><div class=\"swiper-slide\" role=\"group\" aria-roledescription=\"slide\" aria-label=\"4 of 12\"><figure class=\"swiper-slide-inner\"><img decoding=\"async\" class=\"swiper-slide-image\" src=\"https:\/\/www.casadesantiago.pt\/wp-content\/uploads\/2025\/11\/WhatsApp-Image-2025-10-28-at-09.36.55-2-768x1024.jpeg\" alt=\"WhatsApp Image 2025-10-28 at 09.36.55 (2)\" \/><\/figure><\/div><div class=\"swiper-slide\" role=\"group\" aria-roledescription=\"slide\" aria-label=\"5 of 12\"><figure class=\"swiper-slide-inner\"><img decoding=\"async\" class=\"swiper-slide-image\" src=\"https:\/\/www.casadesantiago.pt\/wp-content\/uploads\/2025\/11\/WhatsApp-Image-2025-10-28-at-09.36.51-768x1024.jpeg\" alt=\"WhatsApp Image 2025-10-28 at 09.36.51\" \/><\/figure><\/div><div class=\"swiper-slide\" role=\"group\" aria-roledescription=\"slide\" aria-label=\"6 of 12\"><figure class=\"swiper-slide-inner\"><img decoding=\"async\" class=\"swiper-slide-image\" src=\"https:\/\/www.casadesantiago.pt\/wp-content\/uploads\/2025\/11\/WhatsApp-Image-2025-10-28-at-09.37.01-768x1024.jpeg\" alt=\"WhatsApp Image 2025-10-28 at 09.37.01\" \/><\/figure><\/div><div class=\"swiper-slide\" role=\"group\" aria-roledescription=\"slide\" aria-label=\"7 of 12\"><figure class=\"swiper-slide-inner\"><img decoding=\"async\" class=\"swiper-slide-image\" src=\"https:\/\/www.casadesantiago.pt\/wp-content\/uploads\/2025\/11\/WhatsApp-Image-2025-10-28-at-09.36.54-1-768x1024.jpeg\" alt=\"WhatsApp Image 2025-10-28 at 09.36.54 (1)\" \/><\/figure><\/div><div class=\"swiper-slide\" role=\"group\" aria-roledescription=\"slide\" aria-label=\"8 of 12\"><figure class=\"swiper-slide-inner\"><img decoding=\"async\" class=\"swiper-slide-image\" src=\"https:\/\/www.casadesantiago.pt\/wp-content\/uploads\/2025\/11\/WhatsApp-Image-2025-10-28-at-09.37.00-1-768x1024.jpeg\" alt=\"WhatsApp Image 2025-10-28 at 09.37.00 (1)\" \/><\/figure><\/div><div class=\"swiper-slide\" role=\"group\" aria-roledescription=\"slide\" aria-label=\"9 of 12\"><figure class=\"swiper-slide-inner\"><img decoding=\"async\" class=\"swiper-slide-image\" src=\"https:\/\/www.casadesantiago.pt\/wp-content\/uploads\/2025\/11\/WhatsApp-Image-2025-10-28-at-09.36.55-768x1024.jpeg\" alt=\"WhatsApp Image 2025-10-28 at 09.36.55\" \/><\/figure><\/div><div class=\"swiper-slide\" role=\"group\" aria-roledescription=\"slide\" aria-label=\"10 of 12\"><figure class=\"swiper-slide-inner\"><img decoding=\"async\" class=\"swiper-slide-image\" src=\"https:\/\/www.casadesantiago.pt\/wp-content\/uploads\/2025\/11\/WhatsApp-Image-2025-10-28-at-09.37.01-1-768x1024.jpeg\" alt=\"WhatsApp Image 2025-10-28 at 09.37.01 (1)\" \/><\/figure><\/div><div class=\"swiper-slide\" role=\"group\" aria-roledescription=\"slide\" aria-label=\"11 of 12\"><figure class=\"swiper-slide-inner\"><img decoding=\"async\" class=\"swiper-slide-image\" src=\"https:\/\/www.casadesantiago.pt\/wp-content\/uploads\/2025\/11\/WhatsApp-Image-2025-10-28-at-09.37.00-768x1024.jpeg\" alt=\"WhatsApp Image 2025-10-28 at 09.37.00\" \/><\/figure><\/div><div class=\"swiper-slide\" role=\"group\" aria-roledescription=\"slide\" aria-label=\"12 of 12\"><figure class=\"swiper-slide-inner\"><img decoding=\"async\" class=\"swiper-slide-image\" src=\"https:\/\/www.casadesantiago.pt\/wp-content\/uploads\/2025\/11\/WhatsApp-Image-2025-10-28-at-09.37.02-768x1024.jpeg\" alt=\"WhatsApp Image 2025-10-28 at 09.37.02\" \/><\/figure><\/div>\t\t\t<\/div>\n\t\t\t\t\t\t\t\t\t\t\t\t<div class=\"elementor-swiper-button elementor-swiper-button-prev\" role=\"button\" tabindex=\"0\">\n\t\t\t\t\t\t<svg aria-hidden=\"true\" class=\"e-font-icon-svg e-eicon-chevron-left\" viewbox=\"0 0 1000 1000\" xmlns=\"http:\/\/www.w3.org\/2000\/svg\"><path d=\"M646 125C629 125 613 133 604 142L308 442C296 454 292 471 292 487 292 504 296 521 308 533L604 854C617 867 629 875 646 875 663 875 679 871 692 858 704 846 713 829 713 812 713 796 708 779 692 767L438 487 692 225C700 217 708 204 708 187 708 171 704 154 692 142 675 129 663 125 646 125Z\"><\/path><\/svg>\t\t\t\t\t<\/div>\n\t\t\t\t\t<div class=\"elementor-swiper-button elementor-swiper-button-next\" role=\"button\" tabindex=\"0\">\n\t\t\t\t\t\t<svg aria-hidden=\"true\" class=\"e-font-icon-svg e-eicon-chevron-right\" viewbox=\"0 0 1000 1000\" xmlns=\"http:\/\/www.w3.org\/2000\/svg\"><path d=\"M696 533C708 521 713 504 713 487 713 471 708 454 696 446L400 146C388 133 375 125 354 125 338 125 325 129 313 142 300 154 292 171 292 187 292 204 296 221 308 233L563 492 304 771C292 783 288 800 288 817 288 833 296 850 308 863 321 871 338 875 354 875 371 875 388 867 400 854L696 533Z\"><\/path><\/svg>\t\t\t\t\t<\/div>\n\t\t\t\t\n\t\t\t\t\t\t\t\t\t<div class=\"swiper-pagination\"><\/div>\n\t\t\t\t\t\t\t\t\t<\/div>\n\t\t\t\t<\/div>\n\t\t\t\t<\/div>\n\t\t\t\t\t<\/div>\n\t\t\t\t<\/div>\n\t\t<div class=\"elementor-element elementor-element-051e976 e-flex e-con-boxed e-con e-parent\" data-id=\"051e976\" data-element_type=\"container\">\n\t\t\t\t\t<div class=\"e-con-inner\">\n\t\t\t\t<div class=\"elementor-element elementor-element-197947e elementor-widget elementor-widget-text-editor\" data-id=\"197947e\" data-element_type=\"widget\" data-widget_type=\"text-editor.default\">\n\t\t\t\t<div class=\"elementor-widget-container\">\n\t\t\t\t\t\t\t<blockquote><p style=\"text-align: left;\">A serene and versatile space, designed for experiences that unite purpose, creativity, and well-being.<\/p><\/blockquote>\t\t\t\t\t\t<\/div>\n\t\t\t\t<\/div>\n\t\t\t\t\t<\/div>\n\t\t\t\t<\/div>\n\t\t\t\t<\/div>","protected":false},"excerpt":{"rendered":"<p>A Galeria A Casa de Santiago \u00e9 uma casa senhorial com alma, onde cada recanto respira hist\u00f3ria e autenticidade. Localizada no cora\u00e7\u00e3o de Santiago do Cac\u00e9m, com vista para o castelo \u00e9 um espa\u00e7o que convida \u00e0 tranquilidade e \u00e0 inspira\u00e7\u00e3o. Ao longo dos anos, a Casa tem-se afirmado como um ref\u00fagio para quem procura &#8230;<\/p>","protected":false},"author":3,"featured_media":0,"parent":0,"menu_order":0,"comment_status":"closed","ping_status":"closed","template":"","meta":{"cozystay_single_page_hide_site_header":"","cozystay_single_page_site_header_source":"custom","cozystay_single_page_custom_site_header":"82","cozystay_single_page_custom_sticky_site_header":"","cozystay_single_page_hide_page_title":"on","cozystay_single_page_header_section_size":"","cozystay_single_page_header_background_color":"","cozystay_single_page_header_background_position_x":"center","cozystay_single_page_header_background_position_y":"center","cozystay_single_page_header_background_size":"cover","cozystay_single_page_header_background_repeat":"off","cozystay_single_page_header_background_scroll":"on","cozystay_single_page_header_text_color":"","cozystay_single_page_header_show_breadcrumb":"","cozystay_single_page_site_footer_hide_main":"","cozystay_single_custom_site_footer_main_source":"","cozystay_single_custom_site_footer_main":"","cozystay_single_page_site_footer_hide_above":"","cozystay_single_custom_site_footer_above_source":"","cozystay_single_custom_site_footer_above":"","cozystay_single_page_site_footer_hide_instagram":"","cozystay_single_page_site_footer_hide_bottom":"","cozystay_single_custom_mobile_menu_source":"","cozystay_single_custom_mobile_menu":"","cozystay_single_custom_mobile_menu_animation":"","cozystay_single_custom_mobile_menu_width":"","cozystay_single_custom_mobile_menu_custom_width":375,"footnotes":""},"class_list":["post-4888","page","type-page","status-publish","hentry"],"_links":{"self":[{"href":"https:\/\/www.casadesantiago.pt\/en\/wp-json\/wp\/v2\/pages\/4888","targetHints":{"allow":["GET"]}}],"collection":[{"href":"https:\/\/www.casadesantiago.pt\/en\/wp-json\/wp\/v2\/pages"}],"about":[{"href":"https:\/\/www.casadesantiago.pt\/en\/wp-json\/wp\/v2\/types\/page"}],"author":[{"embeddable":true,"href":"https:\/\/www.casadesantiago.pt\/en\/wp-json\/wp\/v2\/users\/3"}],"replies":[{"embeddable":true,"href":"https:\/\/www.casadesantiago.pt\/en\/wp-json\/wp\/v2\/comments?post=4888"}],"version-history":[{"count":16,"href":"https:\/\/www.casadesantiago.pt\/en\/wp-json\/wp\/v2\/pages\/4888\/revisions"}],"predecessor-version":[{"id":4922,"href":"https:\/\/www.casadesantiago.pt\/en\/wp-json\/wp\/v2\/pages\/4888\/revisions\/4922"}],"wp:attachment":[{"href":"https:\/\/www.casadesantiago.pt\/en\/wp-json\/wp\/v2\/media?parent=4888"}],"curies":[{"name":"wp","href":"https:\/\/api.w.org\/{rel}","templated":true}]}}