{"id":4490,"date":"2024-05-13T14:23:27","date_gmt":"2024-05-13T14:23:27","guid":{"rendered":"https:\/\/www.casadesantiago.pt\/?page_id=4490"},"modified":"2024-05-13T14:38:10","modified_gmt":"2024-05-13T14:38:10","slug":"404-2","status":"publish","type":"page","link":"https:\/\/www.casadesantiago.pt\/es\/404-2\/","title":{"rendered":"404"},"content":{"rendered":"<div data-elementor-type=\"wp-page\" data-elementor-id=\"4490\" class=\"elementor elementor-4490\">\n\t\t\t\t\t\t<section class=\"elementor-section elementor-top-section elementor-element elementor-element-5b4501e2 elementor-section-height-min-height cs-section-content-fullwidth cs-parallax-on-scroll cs_scroll_y_80 elementor-section-boxed elementor-section-height-default elementor-section-items-middle\" data-id=\"5b4501e2\" data-element_type=\"section\" data-settings=\"{&quot;background_background&quot;:&quot;classic&quot;}\" data-cs-parallax-y=\"80\" style=\"background-image: none;\" data-cs-background-image=\"https:\/\/www.casadesantiago.pt\/wp-content\/uploads\/2024\/04\/jc4yeab0npo5pc8him4g.webp\">\n\t\t\t\t\t\t\t<div class=\"elementor-background-overlay\"><\/div>\n\t\t\t\t\t\t\t<div class=\"elementor-container elementor-column-gap-no\">\n\t\t\t\t\t<div class=\"elementor-column elementor-col-100 elementor-top-column elementor-element elementor-element-70ab2b02 dark-color\" data-id=\"70ab2b02\" data-element_type=\"column\">\n\t\t\t<div class=\"elementor-widget-wrap elementor-element-populated\">\n\t\t\t\t\t\t<div class=\"elementor-element elementor-element-73bf9e74 elementor-widget elementor-widget-cs_title\" data-id=\"73bf9e74\" data-element_type=\"widget\" data-widget_type=\"cs_title.default\">\n\t\t\t\t<div class=\"elementor-widget-container\">\n\t\t\t\n        <div class=\"cs-title-wrap text-center\">\t            <h1 class=\"cs-title\">\n\t                P\u00c1GINA NO ENCONTRADA\t            <\/h1>        <\/div>\t\t<\/div>\n\t\t\t\t<\/div>\n\t\t\t\t<div class=\"elementor-element elementor-element-2e219e6 elementor-align-center elementor-widget elementor-widget-cs_button\" data-id=\"2e219e6\" data-element_type=\"widget\" data-widget_type=\"cs_button.default\">\n\t\t\t\t<div class=\"elementor-widget-container\">\n\t\t\t        <a href=\"\/es\/\" class=\"elementor-button-link button\" role=\"button\">\n            <span class=\"cs-btn-text\">Volver a la P\u00e1gina de Inicio<\/span>        <\/a>\t\t<\/div>\n\t\t\t\t<\/div>\n\t\t\t\t\t<\/div>\n\t\t<\/div>\n\t\t\t\t\t<\/div>\n\t\t<\/section>\n\t\t\t\t<\/div>","protected":false},"excerpt":{"rendered":"<p>P\u00c1GINA N\u00c3O ENCONTRADA Voltar \u00e0 P\u00e1gina Inicial<\/p>","protected":false},"author":1,"featured_media":0,"parent":0,"menu_order":0,"comment_status":"closed","ping_status":"closed","template":"","meta":{"cozystay_single_page_hide_site_header":"","cozystay_single_page_site_header_source":"custom","cozystay_single_page_custom_site_header":"2940","cozystay_single_page_custom_sticky_site_header":"","cozystay_single_page_hide_page_title":"on","cozystay_single_page_header_section_size":"","cozystay_single_page_header_background_color":"","cozystay_single_page_header_background_position_x":"center","cozystay_single_page_header_background_position_y":"center","cozystay_single_page_header_background_size":"cover","cozystay_single_page_header_background_repeat":"off","cozystay_single_page_header_background_scroll":"on","cozystay_single_page_header_text_color":"","cozystay_single_page_header_show_breadcrumb":"","cozystay_single_page_site_footer_hide_main":"","cozystay_single_custom_site_footer_main_source":"","cozystay_single_custom_site_footer_main":"","cozystay_single_page_site_footer_hide_above":"","cozystay_single_custom_site_footer_above_source":"","cozystay_single_custom_site_footer_above":"","cozystay_single_page_site_footer_hide_instagram":"","cozystay_single_page_site_footer_hide_bottom":"","cozystay_single_custom_mobile_menu_source":"","cozystay_single_custom_mobile_menu":"","cozystay_single_custom_mobile_menu_animation":"","cozystay_single_custom_mobile_menu_width":"","cozystay_single_custom_mobile_menu_custom_width":375,"footnotes":""},"class_list":["post-4490","page","type-page","status-publish","hentry"],"_links":{"self":[{"href":"https:\/\/www.casadesantiago.pt\/es\/wp-json\/wp\/v2\/pages\/4490","targetHints":{"allow":["GET"]}}],"collection":[{"href":"https:\/\/www.casadesantiago.pt\/es\/wp-json\/wp\/v2\/pages"}],"about":[{"href":"https:\/\/www.casadesantiago.pt\/es\/wp-json\/wp\/v2\/types\/page"}],"author":[{"embeddable":true,"href":"https:\/\/www.casadesantiago.pt\/es\/wp-json\/wp\/v2\/users\/1"}],"replies":[{"embeddable":true,"href":"https:\/\/www.casadesantiago.pt\/es\/wp-json\/wp\/v2\/comments?post=4490"}],"version-history":[{"count":14,"href":"https:\/\/www.casadesantiago.pt\/es\/wp-json\/wp\/v2\/pages\/4490\/revisions"}],"predecessor-version":[{"id":4507,"href":"https:\/\/www.casadesantiago.pt\/es\/wp-json\/wp\/v2\/pages\/4490\/revisions\/4507"}],"wp:attachment":[{"href":"https:\/\/www.casadesantiago.pt\/es\/wp-json\/wp\/v2\/media?parent=4490"}],"curies":[{"name":"wp","href":"https:\/\/api.w.org\/{rel}","templated":true}]}}